{"id":46,"date":"2019-07-09T15:27:11","date_gmt":"2019-07-09T15:27:11","guid":{"rendered":"https:\/\/kompetenznachweis.ch\/?page_id=46"},"modified":"2025-12-05T14:36:42","modified_gmt":"2025-12-05T14:36:42","slug":"individueller-kompetenznachweis","status":"publish","type":"page","link":"https:\/\/kompetenznachweis.ch\/","title":{"rendered":"Der Individuelle Kompetenznachweis \u2013 das Ticket zum Arbeitsmarkt"},"content":{"rendered":"<div id=\"pl-46\"  class=\"panel-layout\" ><div id=\"pg-46-0\"  class=\"panel-grid panel-no-style\" ><div id=\"pgc-46-0-0\"  class=\"panel-grid-cell\" ><div id=\"panel-46-0-0-0\" class=\"so-panel widget widget_sow-editor panel-first-child\" data-index=\"0\" ><div\n\t\t\t\n\t\t\tclass=\"so-widget-sow-editor so-widget-sow-editor-base\"\n\t\t\t\n\t\t>\n<div class=\"siteorigin-widget-tinymce textwidget\">\n\t<p><span style=\"font-weight: 400;\">Nicht alle Jugendlichen und jungen Erwachsenen schliessen eine anerkannte Ausbildung ab <\/span><span style=\"font-weight: 400;\">(Berufslehre, Mittelschule). Dazu geh\u00f6ren <\/span><\/p>\n<ul>\n<li><span style=\"font-weight: 400;\">Lernende einer zweij\u00e4hrigen beruflichen Grundbildung mit eidgen\u00f6ssischem Berufsattest (EBA), welche das Qualifikationsverfahren nicht bestehen;<\/span><\/li>\n<li><span style=\"font-weight: 400;\">Lernende einer zweij\u00e4hrigen standardisierten Ausbildung ausserhalb der eidgen\u00f6ssisch geregelten Berufsbildung.<\/span><\/li>\n<\/ul>\n<p><span style=\"font-weight: 400;\">Der Individuelle Kompetenznachweis (IKN) attestiert diesen jungen Berufsleuten die w\u00e4hrend der Ausbildung erworbenen Kompetenzen in standardisierter und von den Branchen anerkannter Form. Das erh\u00f6ht ihre Chancen im ersten Arbeitsmarkt. IKN-Inhaberinnen und -Inhaber finden zudem leichter Anschluss ans Bildungssystem.<\/span><\/p>\n<p><a href=\"https:\/\/kompetenznachweis.ch\/index.php\/ikn-fachportal\/\">Hier geht es zum Fachportal<\/a><\/p>\n<\/div>\n<\/div><\/div><div id=\"panel-46-0-0-1\" class=\"so-panel widget widget_sow-editor\" data-index=\"1\" ><div\n\t\t\t\n\t\t\tclass=\"so-widget-sow-editor so-widget-sow-editor-base\"\n\t\t\t\n\t\t><h3 class=\"widget-title\">Der IKN bringt Vorteile f\u00fcr alle<\/h3>\n<div class=\"siteorigin-widget-tinymce textwidget\">\n\t<ul>\n<li><b>Lernende: <\/b><span style=\"font-weight: 400;\">Der IKN bescheinigt Lernenden ohne abgeschlossene Berufslehre die w\u00e4hrend ihrer Ausbildung erworbenen Kompetenzen. Das verbessert ihre Chancen auf dem Arbeitsmarkt.<\/span><\/li>\n<li style=\"font-weight: 400;\"><b>Arbeitgeber: <\/b><span style=\"font-weight: 400;\">Der IKN erm\u00f6glicht es Arbeitgebern, das Potenzial von Bewerberinnen und Bewerbern bzw. deren Einsatzm\u00f6glichkeiten rasch und genau einzusch\u00e4tzen.\u00a0<\/span><\/li>\n<li><b>Gesellschaft: <\/b><span style=\"font-weight: 400;\">Der IKN erh\u00f6ht die Chancen, dass Lernende ohne formalen Bildungsabschluss in den ersten Arbeitsmarkt integriert werden. Zudem erleichtert er den Anschluss ans Bildungssystem. Beides entlastet die Sozialwerke.<\/span><\/li>\n<\/ul>\n<\/div>\n<\/div><\/div><div id=\"panel-46-0-0-2\" class=\"so-panel widget widget_sow-slider\" data-index=\"2\" ><div\n\t\t\t\n\t\t\tclass=\"so-widget-sow-slider so-widget-sow-slider-default-53dd1e3cfae1-46\"\n\t\t\t\n\t\t>\t\t\t\t<div class=\"sow-slider-base\" style=\"display: none\" tabindex=\"0\">\n\t\t\t\t\t<ul\n\t\t\t\t\tclass=\"sow-slider-images\"\n\t\t\t\t\tdata-settings=\"{&quot;pagination&quot;:true,&quot;speed&quot;:800,&quot;timeout&quot;:12000,&quot;paused&quot;:false,&quot;pause_on_hover&quot;:false,&quot;swipe&quot;:true,&quot;nav_always_show_desktop&quot;:&quot;&quot;,&quot;nav_always_show_mobile&quot;:&quot;&quot;,&quot;breakpoint&quot;:&quot;780px&quot;,&quot;unmute&quot;:false,&quot;anchor&quot;:null}\"\n\t\t\t\t\t\t\t\t\t\tdata-anchor-id=\"\"\n\t\t\t\t>\t\t<li class=\"sow-slider-image\" style=\"visibility: visible;\" >\n\t\t\t\t\t\t<div class=\"sow-slider-image-container\">\n\t\t\t\t<div class=\"sow-slider-image-wrapper\" style=\"max-width: 1653px\">\n\t\t\t\t\t\t\t\t\t\t<div class=\"sow-slider-image-foreground-wrapper\">\n\t\t\t\t\t\t<img loading=\"lazy\" decoding=\"async\" width=\"1653\" height=\"929\" src=\"https:\/\/kompetenznachweis.ch\/wp-content\/uploads\/2019\/07\/Oberholzer.jpg\" class=\"sow-slider-foreground-image\" alt=\"\" style=\"height: 400px; width: auto;max-height: 929px\" srcset=\"https:\/\/kompetenznachweis.ch\/wp-content\/uploads\/2019\/07\/Oberholzer.jpg 1653w, https:\/\/kompetenznachweis.ch\/wp-content\/uploads\/2019\/07\/Oberholzer-300x169.jpg 300w, https:\/\/kompetenznachweis.ch\/wp-content\/uploads\/2019\/07\/Oberholzer-768x432.jpg 768w, https:\/\/kompetenznachweis.ch\/wp-content\/uploads\/2019\/07\/Oberholzer-1024x575.jpg 1024w, https:\/\/kompetenznachweis.ch\/wp-content\/uploads\/2019\/07\/Oberholzer-800x450.jpg 800w\" sizes=\"auto, (max-width: 1653px) 100vw, 1653px\" \/>\t\t\t\t\t<\/div>\n\t\t\t\t\t\t\t\t\t<\/div>\n\t\t\t<\/div>\n\t\t\t\t\t<\/li>\n\t\t\t\t<li class=\"sow-slider-image\" style=\"visibility: hidden;\" >\n\t\t\t\t\t\t<div class=\"sow-slider-image-container\">\n\t\t\t\t<div class=\"sow-slider-image-wrapper\" style=\"max-width: 2006px\">\n\t\t\t\t\t\t\t\t\t\t<div class=\"sow-slider-image-foreground-wrapper\">\n\t\t\t\t\t\t<img loading=\"lazy\" decoding=\"async\" width=\"2006\" height=\"1129\" src=\"https:\/\/kompetenznachweis.ch\/wp-content\/uploads\/2019\/07\/Hohl.jpg\" class=\"sow-slider-foreground-image\" alt=\"\" style=\"height: 400px; width: auto;max-height: 1129px\" srcset=\"https:\/\/kompetenznachweis.ch\/wp-content\/uploads\/2019\/07\/Hohl.jpg 2006w, https:\/\/kompetenznachweis.ch\/wp-content\/uploads\/2019\/07\/Hohl-300x169.jpg 300w, https:\/\/kompetenznachweis.ch\/wp-content\/uploads\/2019\/07\/Hohl-768x432.jpg 768w, https:\/\/kompetenznachweis.ch\/wp-content\/uploads\/2019\/07\/Hohl-1024x576.jpg 1024w, https:\/\/kompetenznachweis.ch\/wp-content\/uploads\/2019\/07\/Hohl-800x450.jpg 800w\" sizes=\"auto, (max-width: 2006px) 100vw, 2006px\" \/>\t\t\t\t\t<\/div>\n\t\t\t\t\t\t\t\t\t<\/div>\n\t\t\t<\/div>\n\t\t\t\t\t<\/li>\n\t\t\t\t<li class=\"sow-slider-image\" style=\"visibility: hidden;\" >\n\t\t\t\t\t\t<div class=\"sow-slider-image-container\">\n\t\t\t\t<div class=\"sow-slider-image-wrapper\" style=\"max-width: 1752px\">\n\t\t\t\t\t\t\t\t\t\t<div class=\"sow-slider-image-foreground-wrapper\">\n\t\t\t\t\t\t<img loading=\"lazy\" decoding=\"async\" width=\"1752\" height=\"986\" src=\"https:\/\/kompetenznachweis.ch\/wp-content\/uploads\/2019\/07\/duerler.jpg\" class=\"sow-slider-foreground-image\" alt=\"\" style=\"height: 400px; width: auto;max-height: 986px\" srcset=\"https:\/\/kompetenznachweis.ch\/wp-content\/uploads\/2019\/07\/duerler.jpg 1752w, https:\/\/kompetenznachweis.ch\/wp-content\/uploads\/2019\/07\/duerler-300x169.jpg 300w, https:\/\/kompetenznachweis.ch\/wp-content\/uploads\/2019\/07\/duerler-768x432.jpg 768w, https:\/\/kompetenznachweis.ch\/wp-content\/uploads\/2019\/07\/duerler-1024x576.jpg 1024w, https:\/\/kompetenznachweis.ch\/wp-content\/uploads\/2019\/07\/duerler-800x450.jpg 800w\" sizes=\"auto, (max-width: 1752px) 100vw, 1752px\" \/>\t\t\t\t\t<\/div>\n\t\t\t\t\t\t\t\t\t<\/div>\n\t\t\t<\/div>\n\t\t\t\t\t<\/li>\n\t\t\t\t<li class=\"sow-slider-image\" style=\"visibility: hidden;\" >\n\t\t\t\t\t\t<div class=\"sow-slider-image-container\">\n\t\t\t\t<div class=\"sow-slider-image-wrapper\" style=\"max-width: 1835px\">\n\t\t\t\t\t\t\t\t\t\t<div class=\"sow-slider-image-foreground-wrapper\">\n\t\t\t\t\t\t<img loading=\"lazy\" decoding=\"async\" width=\"1835\" height=\"1032\" src=\"https:\/\/kompetenznachweis.ch\/wp-content\/uploads\/2019\/07\/Davatz.jpg\" class=\"sow-slider-foreground-image\" alt=\"\" style=\"height: 400px; width: auto;max-height: 1032px\" srcset=\"https:\/\/kompetenznachweis.ch\/wp-content\/uploads\/2019\/07\/Davatz.jpg 1835w, https:\/\/kompetenznachweis.ch\/wp-content\/uploads\/2019\/07\/Davatz-300x169.jpg 300w, https:\/\/kompetenznachweis.ch\/wp-content\/uploads\/2019\/07\/Davatz-768x432.jpg 768w, https:\/\/kompetenznachweis.ch\/wp-content\/uploads\/2019\/07\/Davatz-1024x576.jpg 1024w, https:\/\/kompetenznachweis.ch\/wp-content\/uploads\/2019\/07\/Davatz-800x450.jpg 800w\" sizes=\"auto, (max-width: 1835px) 100vw, 1835px\" \/>\t\t\t\t\t<\/div>\n\t\t\t\t\t\t\t\t\t<\/div>\n\t\t\t<\/div>\n\t\t\t\t\t<\/li>\n\t\t<\/ul>\t\t\t\t<ol class=\"sow-slider-pagination\">\n\t\t\t\t\t\t\t\t\t\t\t<li><a href=\"#\" data-goto=\"0\" aria-label=\"Display slide 1\"><\/a><\/li>\n\t\t\t\t\t\t\t\t\t\t\t<li><a href=\"#\" data-goto=\"1\" aria-label=\"Display slide 2\"><\/a><\/li>\n\t\t\t\t\t\t\t\t\t\t\t<li><a href=\"#\" data-goto=\"2\" aria-label=\"Display slide 3\"><\/a><\/li>\n\t\t\t\t\t\t\t\t\t\t\t<li><a href=\"#\" data-goto=\"3\" aria-label=\"Display slide 4\"><\/a><\/li>\n\t\t\t\t\t\t\t\t\t<\/ol>\n\n\t\t\t\t<div class=\"sow-slide-nav sow-slide-nav-next\">\n\t\t\t\t\t<a href=\"#\" data-goto=\"next\" aria-label=\"Next slide\" data-action=\"next\">\n\t\t\t\t\t\t<em class=\"sow-sld-icon-thin-right\"><\/em>\n\t\t\t\t\t<\/a>\n\t\t\t\t<\/div>\n\n\t\t\t\t<div class=\"sow-slide-nav sow-slide-nav-prev\">\n\t\t\t\t\t<a href=\"#\" data-goto=\"previous\" aria-label=\"Previous slide\" data-action=\"prev\">\n\t\t\t\t\t\t<em class=\"sow-sld-icon-thin-left\"><\/em>\n\t\t\t\t\t<\/a>\n\t\t\t\t<\/div>\n\t\t\t\t<\/div><\/div><\/div><div id=\"panel-46-0-0-3\" class=\"so-panel widget widget_sow-features panel-last-child\" data-index=\"3\" ><div\n\t\t\t\n\t\t\tclass=\"so-widget-sow-features so-widget-sow-features-default-0e0f8d436f18-46\"\n\t\t\t\n\t\t><\/div><\/div><\/div><\/div><div id=\"pg-46-1\"  class=\"panel-grid panel-no-style\" ><div id=\"pgc-46-1-0\"  class=\"panel-grid-cell\" ><div id=\"panel-46-1-0-0\" class=\"so-panel widget widget_sow-editor panel-first-child\" data-index=\"4\" ><div\n\t\t\t\n\t\t\tclass=\"so-widget-sow-editor so-widget-sow-editor-base\"\n\t\t\t\n\t\t><h3 class=\"widget-title\">Der IKN er\u00f6ffnet Perspektiven<\/h3>\n<div class=\"siteorigin-widget-tinymce textwidget\">\n\t<p><span style=\"font-weight: 400;\">Der IKN schliesst eine L\u00fccke im Schweizer Bildungssystem.<\/span><\/p>\n<ul>\n<li style=\"font-weight: 400;\"><span style=\"font-weight: 400;\">Mit dem IKN steigen die Chancen, eine Stelle im ersten Arbeitsmarkt zu finden.<\/span><\/li>\n<li style=\"font-weight: 400;\"><span style=\"font-weight: 400;\">Mit der Integration in den Arbeitsmarkt steigen die Chancen, sp\u00e4ter eine zweij\u00e4hrige berufliche Grundbildung (EBA) abzuschliessen.<\/span><\/li>\n<li style=\"font-weight: 400;\"><span style=\"font-weight: 400;\">Mit dem EBA-Abschluss wird es m\u00f6glich, eine drei- oder vierj\u00e4hrige berufliche Grundbildung (EFZ) im entsprechenden Berufsfeld nachzuholen.<\/span><\/li>\n<li style=\"font-weight: 400;\"><span style=\"font-weight: 400;\">Mit dem EFZ-Abschluss stehen alle Wege des Bildungssystems offen.<\/span><\/li>\n<\/ul>\n<\/div>\n<\/div><\/div><div id=\"panel-46-1-0-1\" class=\"so-panel widget widget_sow-image panel-last-child\" data-index=\"5\" ><div\n\t\t\t\n\t\t\tclass=\"so-widget-sow-image so-widget-sow-image-default-4e6925654b7a-46\"\n\t\t\t\n\t\t>\n<div class=\"sow-image-container\">\n\t\t<img \n\tsrc=\"https:\/\/kompetenznachweis.ch\/wp-content\/uploads\/2019\/07\/Bildungssystem_IKN_03_vek-e1564496343335.png\" width=\"900\" height=\"688\" sizes=\"(max-width: 900px) 100vw, 900px\" title=\"Bildungssystem_IKN_03_vek\" alt=\"\" \t\tclass=\"so-widget-image\"\/>\n\t<\/div>\n\n<\/div><\/div><\/div><\/div><div id=\"pg-46-2\"  class=\"panel-grid panel-no-style\" ><div id=\"pgc-46-2-0\"  class=\"panel-grid-cell\" ><div id=\"panel-46-2-0-0\" class=\"so-panel widget widget_media_video panel-first-child panel-last-child\" data-index=\"6\" ><h3 class=\"widget-title\">Luca Jufer, Lernender<\/h3><div style=\"width:100%;\" class=\"wp-video\"><!--[if lt IE 9]><script>document.createElement('video');<\/script><![endif]-->\n<video class=\"wp-video-shortcode\" id=\"video-46-1\" preload=\"metadata\" controls=\"controls\"><source type=\"video\/mp4\" src=\"https:\/\/kompetenznachweis.ch\/wp-content\/uploads\/2019\/07\/Luca_def_1.mp4?_=1\" \/><source type=\"video\/mp4\" src=\"https:\/\/kompetenznachweis.ch\/wp-content\/uploads\/2019\/07\/Luca_def_1.mp4?_=1\" \/><a href=\"https:\/\/kompetenznachweis.ch\/wp-content\/uploads\/2019\/07\/Luca_def_1.mp4\">https:\/\/kompetenznachweis.ch\/wp-content\/uploads\/2019\/07\/Luca_def_1.mp4<\/a><\/video><\/div><\/div><\/div><div id=\"pgc-46-2-1\"  class=\"panel-grid-cell\" ><div id=\"panel-46-2-1-0\" class=\"so-panel widget widget_media_video panel-first-child panel-last-child\" data-index=\"7\" ><h3 class=\"widget-title\">Dani B\u00fchler, Ausbildender<\/h3><div style=\"width:100%;\" class=\"wp-video\"><video class=\"wp-video-shortcode\" id=\"video-46-2\" preload=\"metadata\" controls=\"controls\"><source type=\"video\/mp4\" src=\"https:\/\/kompetenznachweis.ch\/wp-content\/uploads\/2019\/07\/dani_def_1.mp4?_=2\" \/><source type=\"video\/mp4\" src=\"https:\/\/kompetenznachweis.ch\/wp-content\/uploads\/2019\/07\/dani_def_1.mp4?_=2\" \/><a href=\"https:\/\/kompetenznachweis.ch\/wp-content\/uploads\/2019\/07\/dani_def_1.mp4\">https:\/\/kompetenznachweis.ch\/wp-content\/uploads\/2019\/07\/dani_def_1.mp4<\/a><\/video><\/div><\/div><\/div><div id=\"pgc-46-2-2\"  class=\"panel-grid-cell\" ><div id=\"panel-46-2-2-0\" class=\"so-panel widget widget_media_video panel-first-child panel-last-child\" data-index=\"8\" ><h3 class=\"widget-title\">Dr. Beat M. Duerler, SVBL<\/h3><div style=\"width:100%;\" class=\"wp-video\"><video class=\"wp-video-shortcode\" id=\"video-46-3\" preload=\"metadata\" controls=\"controls\"><source type=\"video\/mp4\" src=\"https:\/\/kompetenznachweis.ch\/wp-content\/uploads\/2019\/07\/duerler_def_1.mp4?_=3\" \/><source type=\"video\/mp4\" src=\"https:\/\/kompetenznachweis.ch\/wp-content\/uploads\/2019\/07\/duerler_def_1.mp4?_=3\" \/><a href=\"https:\/\/kompetenznachweis.ch\/wp-content\/uploads\/2019\/07\/duerler_def_1.mp4\">https:\/\/kompetenznachweis.ch\/wp-content\/uploads\/2019\/07\/duerler_def_1.mp4<\/a><\/video><\/div><\/div><\/div><\/div><div id=\"pg-46-3\"  class=\"panel-grid panel-no-style\" ><div id=\"pgc-46-3-0\"  class=\"panel-grid-cell\" ><div id=\"panel-46-3-0-0\" class=\"so-panel widget widget_sow-editor panel-first-child panel-last-child\" data-index=\"9\" ><div\n\t\t\t\n\t\t\tclass=\"so-widget-sow-editor so-widget-sow-editor-base\"\n\t\t\t\n\t\t><h3 class=\"widget-title\">Links<\/h3>\n<div class=\"siteorigin-widget-tinymce textwidget\">\n\t<ul>\n<li><a href=\"https:\/\/www.hauswirtschaft.ch\/kompetenznachweis-praktiker-in\/\" target=\"_blank\" rel=\"noopener\">OdA Hauswirtschaft Schweiz<\/a><\/li>\n<li><a href=\"https:\/\/www.svbl.ch\/logistiker-logistikerin\/grundbildung\/\" target=\"_blank\" rel=\"noopener\">Schweizerische Vereinigung f\u00fcr die Berufsbildung in der Logistik SVBL<\/a><\/li>\n<li><a href=\"https:\/\/www.igkg.ch\/de\/bueroassistent-in-eba\/grundlagendokumente\/ab-2019\" target=\"_blank\" rel=\"noopener\">IGKG Schweiz<\/a><\/li>\n<li><a href=\"https:\/\/www.vssm.ch\/de\/berufsbildung\/schreinerpraktikerin-eba\/individueller-kompetenznachweis-ikn\" target=\"_blank\" rel=\"noopener\">Verband Schweizerischer Schreinermeister und M\u00f6belfabrikanten<\/a><\/li>\n<li><a href=\"https:\/\/www.insos.ch\/praktische-ausbildung\/individueller-kompetenznachweis\/\" target=\"_blank\" rel=\"noopener\">INSOS Nationaler Branchenverband der Institutionen f\u00fcr Menschen mit Behinderung<\/a><\/li>\n<\/ul>\n<\/div>\n<\/div><\/div><\/div><\/div><\/div>","protected":false},"excerpt":{"rendered":"<p>Nicht alle Jugendlichen und jungen Erwachsenen schliessen eine anerkannte Ausbildung ab (Berufslehre, Mittelschule). Dazu geh\u00f6ren Lernende einer zweij\u00e4hrigen beruflichen Grundbildung mit eidgen\u00f6ssischem Berufsattest (EBA), welche das Qualifikationsverfahren nicht bestehen; Lernende einer zweij\u00e4hrigen standardisierten Ausbildung ausserhalb der eidgen\u00f6ssisch geregelten Berufsbildung. Der Individuelle Kompetenznachweis (IKN) attestiert diesen jungen Berufsleuten die w\u00e4hrend der Ausbildung erworbenen Kompetenzen in standardisierter und von den Branchen anerkannter<\/p>\n<p><a class=\"more-link\" href=\"https:\/\/kompetenznachweis.ch\/\">Weiterlesen<\/a><\/p>\n","protected":false},"author":1,"featured_media":0,"parent":0,"menu_order":0,"comment_status":"closed","ping_status":"closed","template":"","meta":{"footnotes":""},"class_list":["post-46","page","type-page","status-publish","hentry"],"yoast_head":"<!-- This site is optimized with the Yoast SEO plugin v25.9 - https:\/\/yoast.com\/wordpress\/plugins\/seo\/ -->\n<title>Individueller Kompetenznachweis IKN - Das Ticket zum Arbeitsmarkt<\/title>\n<meta name=\"description\" content=\"Der Individuelle Kompetenznachweis (IKN) attestiert diesen jungen Berufsleuten Kompetenzen in standardisierter und von den Branchen anerkannter Form.\" \/>\n<meta name=\"robots\" content=\"index, follow, max-snippet:-1, max-image-preview:large, max-video-preview:-1\" \/>\n<link rel=\"canonical\" href=\"https:\/\/kompetenznachweis.ch\/\" \/>\n<meta property=\"og:locale\" content=\"de_DE\" \/>\n<meta property=\"og:type\" content=\"article\" \/>\n<meta property=\"og:title\" content=\"Individueller Kompetenznachweis IKN - Das Ticket zum Arbeitsmarkt\" \/>\n<meta property=\"og:description\" content=\"Der Individuelle Kompetenznachweis (IKN) attestiert diesen jungen Berufsleuten Kompetenzen in standardisierter und von den Branchen anerkannter Form.\" \/>\n<meta property=\"og:url\" content=\"https:\/\/kompetenznachweis.ch\/\" \/>\n<meta property=\"og:site_name\" content=\"Kompetenznachweis\" \/>\n<meta property=\"article:modified_time\" content=\"2025-12-05T14:36:42+00:00\" \/>\n<meta name=\"twitter:card\" content=\"summary_large_image\" \/>\n<meta name=\"twitter:label1\" content=\"Gesch\u00e4tzte Lesezeit\" \/>\n\t<meta name=\"twitter:data1\" content=\"3\u00a0Minuten\" \/>\n<script type=\"application\/ld+json\" class=\"yoast-schema-graph\">{\"@context\":\"https:\/\/schema.org\",\"@graph\":[{\"@type\":\"WebPage\",\"@id\":\"https:\/\/kompetenznachweis.ch\/\",\"url\":\"https:\/\/kompetenznachweis.ch\/\",\"name\":\"Individueller Kompetenznachweis IKN - Das Ticket zum Arbeitsmarkt\",\"isPartOf\":{\"@id\":\"https:\/\/kompetenznachweis.ch\/#website\"},\"datePublished\":\"2019-07-09T15:27:11+00:00\",\"dateModified\":\"2025-12-05T14:36:42+00:00\",\"description\":\"Der Individuelle Kompetenznachweis (IKN) attestiert diesen jungen Berufsleuten Kompetenzen in standardisierter und von den Branchen anerkannter Form.\",\"breadcrumb\":{\"@id\":\"https:\/\/kompetenznachweis.ch\/#breadcrumb\"},\"inLanguage\":\"de\",\"potentialAction\":[{\"@type\":\"ReadAction\",\"target\":[\"https:\/\/kompetenznachweis.ch\/\"]}]},{\"@type\":\"BreadcrumbList\",\"@id\":\"https:\/\/kompetenznachweis.ch\/#breadcrumb\",\"itemListElement\":[{\"@type\":\"ListItem\",\"position\":1,\"name\":\"Startseite\",\"item\":\"https:\/\/kompetenznachweis.ch\/\"},{\"@type\":\"ListItem\",\"position\":2,\"name\":\"Der Individuelle Kompetenznachweis \u2013 das Ticket zum Arbeitsmarkt\"}]},{\"@type\":\"WebSite\",\"@id\":\"https:\/\/kompetenznachweis.ch\/#website\",\"url\":\"https:\/\/kompetenznachweis.ch\/\",\"name\":\"Kompetenznachweis\",\"description\":\"\",\"potentialAction\":[{\"@type\":\"SearchAction\",\"target\":{\"@type\":\"EntryPoint\",\"urlTemplate\":\"https:\/\/kompetenznachweis.ch\/?s={search_term_string}\"},\"query-input\":{\"@type\":\"PropertyValueSpecification\",\"valueRequired\":true,\"valueName\":\"search_term_string\"}}],\"inLanguage\":\"de\"}]}<\/script>\n<!-- \/ Yoast SEO plugin. -->","yoast_head_json":{"title":"Individueller Kompetenznachweis IKN - Das Ticket zum Arbeitsmarkt","description":"Der Individuelle Kompetenznachweis (IKN) attestiert diesen jungen Berufsleuten Kompetenzen in standardisierter und von den Branchen anerkannter Form.","robots":{"index":"index","follow":"follow","max-snippet":"max-snippet:-1","max-image-preview":"max-image-preview:large","max-video-preview":"max-video-preview:-1"},"canonical":"https:\/\/kompetenznachweis.ch\/","og_locale":"de_DE","og_type":"article","og_title":"Individueller Kompetenznachweis IKN - Das Ticket zum Arbeitsmarkt","og_description":"Der Individuelle Kompetenznachweis (IKN) attestiert diesen jungen Berufsleuten Kompetenzen in standardisierter und von den Branchen anerkannter Form.","og_url":"https:\/\/kompetenznachweis.ch\/","og_site_name":"Kompetenznachweis","article_modified_time":"2025-12-05T14:36:42+00:00","twitter_card":"summary_large_image","twitter_misc":{"Gesch\u00e4tzte Lesezeit":"3\u00a0Minuten"},"schema":{"@context":"https:\/\/schema.org","@graph":[{"@type":"WebPage","@id":"https:\/\/kompetenznachweis.ch\/","url":"https:\/\/kompetenznachweis.ch\/","name":"Individueller Kompetenznachweis IKN - Das Ticket zum Arbeitsmarkt","isPartOf":{"@id":"https:\/\/kompetenznachweis.ch\/#website"},"datePublished":"2019-07-09T15:27:11+00:00","dateModified":"2025-12-05T14:36:42+00:00","description":"Der Individuelle Kompetenznachweis (IKN) attestiert diesen jungen Berufsleuten Kompetenzen in standardisierter und von den Branchen anerkannter Form.","breadcrumb":{"@id":"https:\/\/kompetenznachweis.ch\/#breadcrumb"},"inLanguage":"de","potentialAction":[{"@type":"ReadAction","target":["https:\/\/kompetenznachweis.ch\/"]}]},{"@type":"BreadcrumbList","@id":"https:\/\/kompetenznachweis.ch\/#breadcrumb","itemListElement":[{"@type":"ListItem","position":1,"name":"Startseite","item":"https:\/\/kompetenznachweis.ch\/"},{"@type":"ListItem","position":2,"name":"Der Individuelle Kompetenznachweis \u2013 das Ticket zum Arbeitsmarkt"}]},{"@type":"WebSite","@id":"https:\/\/kompetenznachweis.ch\/#website","url":"https:\/\/kompetenznachweis.ch\/","name":"Kompetenznachweis","description":"","potentialAction":[{"@type":"SearchAction","target":{"@type":"EntryPoint","urlTemplate":"https:\/\/kompetenznachweis.ch\/?s={search_term_string}"},"query-input":{"@type":"PropertyValueSpecification","valueRequired":true,"valueName":"search_term_string"}}],"inLanguage":"de"}]}},"_links":{"self":[{"href":"https:\/\/kompetenznachweis.ch\/index.php\/wp-json\/wp\/v2\/pages\/46","targetHints":{"allow":["GET"]}}],"collection":[{"href":"https:\/\/kompetenznachweis.ch\/index.php\/wp-json\/wp\/v2\/pages"}],"about":[{"href":"https:\/\/kompetenznachweis.ch\/index.php\/wp-json\/wp\/v2\/types\/page"}],"author":[{"embeddable":true,"href":"https:\/\/kompetenznachweis.ch\/index.php\/wp-json\/wp\/v2\/users\/1"}],"replies":[{"embeddable":true,"href":"https:\/\/kompetenznachweis.ch\/index.php\/wp-json\/wp\/v2\/comments?post=46"}],"version-history":[{"count":122,"href":"https:\/\/kompetenznachweis.ch\/index.php\/wp-json\/wp\/v2\/pages\/46\/revisions"}],"predecessor-version":[{"id":982,"href":"https:\/\/kompetenznachweis.ch\/index.php\/wp-json\/wp\/v2\/pages\/46\/revisions\/982"}],"wp:attachment":[{"href":"https:\/\/kompetenznachweis.ch\/index.php\/wp-json\/wp\/v2\/media?parent=46"}],"curies":[{"name":"wp","href":"https:\/\/api.w.org\/{rel}","templated":true}]}}