{"id":823,"date":"2019-11-11T20:52:54","date_gmt":"2019-11-11T20:52:54","guid":{"rendered":"https:\/\/kompetenznachweis.ch\/?page_id=823"},"modified":"2025-09-22T09:03:04","modified_gmt":"2025-09-22T09:03:04","slug":"impressum-de","status":"publish","type":"page","link":"https:\/\/kompetenznachweis.ch\/index.php\/impressum-de\/","title":{"rendered":"Impressum"},"content":{"rendered":"<div id=\"pl-823\"  class=\"panel-layout\" ><div id=\"pg-823-0\"  class=\"panel-grid panel-no-style\" ><div id=\"pgc-823-0-0\"  class=\"panel-grid-cell\" ><div id=\"panel-823-0-0-0\" class=\"so-panel widget widget_sow-editor panel-first-child panel-last-child\" data-index=\"0\" ><div class=\"float-left-fix panel-widget-style panel-widget-style-for-823-0-0-0\" ><div\n\t\t\t\n\t\t\tclass=\"so-widget-sow-editor so-widget-sow-editor-base\"\n\t\t\t\n\t\t>\n<div class=\"siteorigin-widget-tinymce textwidget\">\n\t<p style=\"text-align: left;\">Schweizerischer Gewerbeverband sgv, Schwarztorstrasse 26, Postfach, 3001 Bern.<br \/>\n<a href=\"http:\/\/www.sgv-usam.ch\">www.sgv-usam.ch<\/a><\/p>\n<p style=\"text-align: left;\"><strong>Ansprechperson<\/strong><br \/>\nDieter Kl\u00e4y<br \/>\n+41 31 380 14 45<br \/>\n<a href=\"mailto:d.klaey@sgv-usam.ch\">d.klaey@sgv-usam.ch<\/a><\/p>\n<p style=\"text-align: left;\"><strong>Kooperationspartner<\/strong><\/p>\n<ul style=\"text-align: left;\">\n<li><a href=\"http:\/\/www.sbbk.ch\/dyn\/19719.php\">Schweizerische Berufsbildungs\u00e4mter-Konferenz SBBK<\/a><\/li>\n<li><a href=\"https:\/\/www.google.com\/search?client=firefox-b-d&amp;q=Insos\">INSOS, nationaler Branchenverband der Institutionen f\u00fcr Menschen mit Behinderung<\/a><\/li>\n<li><a href=\"https:\/\/www.ehb.swiss\/\">Eidgen\u00f6ssisches Hochschulinstitut f\u00fcr Berufsbildung EHB<\/a><\/li>\n<\/ul>\n<p style=\"text-align: left;\"><strong>Haftung f\u00fcr Links<\/strong><br \/>\nDiese Seite enth\u00e4lt Links zu Webseiten Dritter, auf deren Inhalte wir keinen Einfluss haben. F\u00fcr die<br \/>\nInhalte der verlinkten Seiten ist stets der jeweilige Anbieter oder Betreiber verantwortlich.<br \/>\nRedaktion<\/p>\n<ul style=\"text-align: left;\">\n<li>Peter Dolder, Dolder Beratungen GmbH, H\u00fcnibach. <a href=\"http:\/\/www.p-dolder.ch\">www.p-dolder.ch<\/a><\/li>\n<li>Rolf Marti, komma pr. <a href=\"http:\/\/www.kommapr.ch\">www.kommapr.ch<\/a><\/li>\n<\/ul>\n<p style=\"text-align: left;\"><strong>Konzept, Videos, Webpublishing<\/strong><br \/>\nkomma pr, Bern<br \/>\nRolf Marti, Maurice Marti<br \/>\n<a href=\"http:\/\/www.kommapr.ch\">www.kommapr.ch<\/a><\/p>\n<p style=\"text-align: left;\"><strong>Copyright<\/strong><br \/>\nDas Copyright f\u00fcr alle Inhalte dieser Webseite liegt beim Schweizerischen Gewerbeverband sgv.<br \/>\n\u00a92019<\/p>\n<\/div>\n<\/div><\/div><\/div><\/div><\/div><\/div>","protected":false},"excerpt":{"rendered":"<p>Schweizerischer Gewerbeverband sgv, Schwarztorstrasse 26, Postfach, 3001 Bern. www.sgv-usam.ch Ansprechperson Dieter Kl\u00e4y +41 31 380 14 45 d.klaey@sgv-usam.ch Kooperationspartner Schweizerische Berufsbildungs\u00e4mter-Konferenz SBBK INSOS, nationaler Branchenverband der Institutionen f\u00fcr Menschen mit Behinderung Eidgen\u00f6ssisches Hochschulinstitut f\u00fcr Berufsbildung EHB Haftung f\u00fcr Links Diese Seite enth\u00e4lt Links zu Webseiten Dritter, auf deren Inhalte wir keinen Einfluss haben. F\u00fcr die Inhalte der verlinkten Seiten ist<\/p>\n<p><a class=\"more-link\" href=\"https:\/\/kompetenznachweis.ch\/index.php\/impressum-de\/\">Weiterlesen<\/a><\/p>\n","protected":false},"author":1,"featured_media":0,"parent":0,"menu_order":0,"comment_status":"closed","ping_status":"closed","template":"","meta":{"footnotes":""},"class_list":["post-823","page","type-page","status-publish","hentry"],"yoast_head":"<!-- This site is optimized with the Yoast SEO plugin v25.9 - https:\/\/yoast.com\/wordpress\/plugins\/seo\/ -->\n<title>Impressum - Individueller Kompetenznachweis IKN<\/title>\n<meta name=\"description\" content=\"Impressum und Kontakt des individuellen Kompetenznachweis IKN. Bei Fragen und Anmerkungen, k\u00f6nnen Sie sich gerne bei uns melden.\" \/>\n<meta name=\"robots\" content=\"index, follow, max-snippet:-1, max-image-preview:large, max-video-preview:-1\" \/>\n<link rel=\"canonical\" href=\"https:\/\/kompetenznachweis.ch\/index.php\/impressum-de\/\" \/>\n<meta property=\"og:locale\" content=\"de_DE\" \/>\n<meta property=\"og:type\" content=\"article\" \/>\n<meta property=\"og:title\" content=\"Impressum - Individueller Kompetenznachweis IKN\" \/>\n<meta property=\"og:description\" content=\"Impressum und Kontakt des individuellen Kompetenznachweis IKN. Bei Fragen und Anmerkungen, k\u00f6nnen Sie sich gerne bei uns melden.\" \/>\n<meta property=\"og:url\" content=\"https:\/\/kompetenznachweis.ch\/index.php\/impressum-de\/\" \/>\n<meta property=\"og:site_name\" content=\"Kompetenznachweis\" \/>\n<meta property=\"article:modified_time\" content=\"2025-09-22T09:03:04+00:00\" \/>\n<meta name=\"twitter:card\" content=\"summary_large_image\" \/>\n<meta name=\"twitter:label1\" content=\"Gesch\u00e4tzte Lesezeit\" \/>\n\t<meta name=\"twitter:data1\" content=\"1\u00a0Minute\" \/>\n<script type=\"application\/ld+json\" class=\"yoast-schema-graph\">{\"@context\":\"https:\/\/schema.org\",\"@graph\":[{\"@type\":\"WebPage\",\"@id\":\"https:\/\/kompetenznachweis.ch\/index.php\/impressum-de\/\",\"url\":\"https:\/\/kompetenznachweis.ch\/index.php\/impressum-de\/\",\"name\":\"Impressum - Individueller Kompetenznachweis IKN\",\"isPartOf\":{\"@id\":\"https:\/\/kompetenznachweis.ch\/#website\"},\"datePublished\":\"2019-11-11T20:52:54+00:00\",\"dateModified\":\"2025-09-22T09:03:04+00:00\",\"description\":\"Impressum und Kontakt des individuellen Kompetenznachweis IKN. Bei Fragen und Anmerkungen, k\u00f6nnen Sie sich gerne bei uns melden.\",\"breadcrumb\":{\"@id\":\"https:\/\/kompetenznachweis.ch\/index.php\/impressum-de\/#breadcrumb\"},\"inLanguage\":\"de\",\"potentialAction\":[{\"@type\":\"ReadAction\",\"target\":[\"https:\/\/kompetenznachweis.ch\/index.php\/impressum-de\/\"]}]},{\"@type\":\"BreadcrumbList\",\"@id\":\"https:\/\/kompetenznachweis.ch\/index.php\/impressum-de\/#breadcrumb\",\"itemListElement\":[{\"@type\":\"ListItem\",\"position\":1,\"name\":\"Startseite\",\"item\":\"https:\/\/kompetenznachweis.ch\/\"},{\"@type\":\"ListItem\",\"position\":2,\"name\":\"Impressum\"}]},{\"@type\":\"WebSite\",\"@id\":\"https:\/\/kompetenznachweis.ch\/#website\",\"url\":\"https:\/\/kompetenznachweis.ch\/\",\"name\":\"Kompetenznachweis\",\"description\":\"\",\"potentialAction\":[{\"@type\":\"SearchAction\",\"target\":{\"@type\":\"EntryPoint\",\"urlTemplate\":\"https:\/\/kompetenznachweis.ch\/?s={search_term_string}\"},\"query-input\":{\"@type\":\"PropertyValueSpecification\",\"valueRequired\":true,\"valueName\":\"search_term_string\"}}],\"inLanguage\":\"de\"}]}<\/script>\n<!-- \/ Yoast SEO plugin. -->","yoast_head_json":{"title":"Impressum - Individueller Kompetenznachweis IKN","description":"Impressum und Kontakt des individuellen Kompetenznachweis IKN. Bei Fragen und Anmerkungen, k\u00f6nnen Sie sich gerne bei uns melden.","robots":{"index":"index","follow":"follow","max-snippet":"max-snippet:-1","max-image-preview":"max-image-preview:large","max-video-preview":"max-video-preview:-1"},"canonical":"https:\/\/kompetenznachweis.ch\/index.php\/impressum-de\/","og_locale":"de_DE","og_type":"article","og_title":"Impressum - Individueller Kompetenznachweis IKN","og_description":"Impressum und Kontakt des individuellen Kompetenznachweis IKN. Bei Fragen und Anmerkungen, k\u00f6nnen Sie sich gerne bei uns melden.","og_url":"https:\/\/kompetenznachweis.ch\/index.php\/impressum-de\/","og_site_name":"Kompetenznachweis","article_modified_time":"2025-09-22T09:03:04+00:00","twitter_card":"summary_large_image","twitter_misc":{"Gesch\u00e4tzte Lesezeit":"1\u00a0Minute"},"schema":{"@context":"https:\/\/schema.org","@graph":[{"@type":"WebPage","@id":"https:\/\/kompetenznachweis.ch\/index.php\/impressum-de\/","url":"https:\/\/kompetenznachweis.ch\/index.php\/impressum-de\/","name":"Impressum - Individueller Kompetenznachweis IKN","isPartOf":{"@id":"https:\/\/kompetenznachweis.ch\/#website"},"datePublished":"2019-11-11T20:52:54+00:00","dateModified":"2025-09-22T09:03:04+00:00","description":"Impressum und Kontakt des individuellen Kompetenznachweis IKN. Bei Fragen und Anmerkungen, k\u00f6nnen Sie sich gerne bei uns melden.","breadcrumb":{"@id":"https:\/\/kompetenznachweis.ch\/index.php\/impressum-de\/#breadcrumb"},"inLanguage":"de","potentialAction":[{"@type":"ReadAction","target":["https:\/\/kompetenznachweis.ch\/index.php\/impressum-de\/"]}]},{"@type":"BreadcrumbList","@id":"https:\/\/kompetenznachweis.ch\/index.php\/impressum-de\/#breadcrumb","itemListElement":[{"@type":"ListItem","position":1,"name":"Startseite","item":"https:\/\/kompetenznachweis.ch\/"},{"@type":"ListItem","position":2,"name":"Impressum"}]},{"@type":"WebSite","@id":"https:\/\/kompetenznachweis.ch\/#website","url":"https:\/\/kompetenznachweis.ch\/","name":"Kompetenznachweis","description":"","potentialAction":[{"@type":"SearchAction","target":{"@type":"EntryPoint","urlTemplate":"https:\/\/kompetenznachweis.ch\/?s={search_term_string}"},"query-input":{"@type":"PropertyValueSpecification","valueRequired":true,"valueName":"search_term_string"}}],"inLanguage":"de"}]}},"_links":{"self":[{"href":"https:\/\/kompetenznachweis.ch\/index.php\/wp-json\/wp\/v2\/pages\/823","targetHints":{"allow":["GET"]}}],"collection":[{"href":"https:\/\/kompetenznachweis.ch\/index.php\/wp-json\/wp\/v2\/pages"}],"about":[{"href":"https:\/\/kompetenznachweis.ch\/index.php\/wp-json\/wp\/v2\/types\/page"}],"author":[{"embeddable":true,"href":"https:\/\/kompetenznachweis.ch\/index.php\/wp-json\/wp\/v2\/users\/1"}],"replies":[{"embeddable":true,"href":"https:\/\/kompetenznachweis.ch\/index.php\/wp-json\/wp\/v2\/comments?post=823"}],"version-history":[{"count":9,"href":"https:\/\/kompetenznachweis.ch\/index.php\/wp-json\/wp\/v2\/pages\/823\/revisions"}],"predecessor-version":[{"id":971,"href":"https:\/\/kompetenznachweis.ch\/index.php\/wp-json\/wp\/v2\/pages\/823\/revisions\/971"}],"wp:attachment":[{"href":"https:\/\/kompetenznachweis.ch\/index.php\/wp-json\/wp\/v2\/media?parent=823"}],"curies":[{"name":"wp","href":"https:\/\/api.w.org\/{rel}","templated":true}]}}