{"id":824,"date":"2019-11-11T20:54:23","date_gmt":"2019-11-11T20:54:23","guid":{"rendered":"https:\/\/kompetenznachweis.ch\/?page_id=824"},"modified":"2025-09-22T09:13:07","modified_gmt":"2025-09-22T09:13:07","slug":"824-2","status":"publish","type":"page","link":"https:\/\/attestation-individuelle.ch\/index.php\/824-2\/","title":{"rendered":"Mentions L\u00e9gales"},"content":{"rendered":"<div id=\"pl-824\"  class=\"panel-layout\" ><div id=\"pg-824-0\"  class=\"panel-grid panel-no-style\" ><div id=\"pgc-824-0-0\"  class=\"panel-grid-cell\" ><div id=\"panel-824-0-0-0\" class=\"so-panel widget widget_sow-editor panel-first-child panel-last-child\" data-index=\"0\" ><div class=\"widget-float-left panel-widget-style panel-widget-style-for-824-0-0-0\" ><div\n\t\t\t\n\t\t\tclass=\"so-widget-sow-editor so-widget-sow-editor-base\"\n\t\t\t\n\t\t><h3 class=\"widget-title\">Mentions l\u00e9gales<\/h3>\n<div class=\"siteorigin-widget-tinymce textwidget\">\n\t<p><span style=\"font-weight: 400;\">Union suisse des arts et m\u00e9tiers usam, Schwarztorstrasse 26, case postale, 3001 Berne<br \/>\n<\/span><a href=\"https:\/\/www.sgv-usam.ch\/fr\"><span style=\"font-weight: 400;\">www.sgv-usam.ch<\/span><\/a><\/p>\n<p><b>Personne de contact<br \/>\n<\/b><span style=\"font-weight: 400;\">Dieter Kl\u00e4y<br \/>\n<\/span><span style=\"font-weight: 400;\">+41 31 380 14 45<br \/>\n<\/span><a href=\"mailto:d.klaey@sgv-usam.ch\">d.klaey@sgv-usam.ch<\/a><\/p>\n<p><b>Partenaires de coop\u00e9ration\u00a0<\/b><\/p>\n<ul>\n<li style=\"font-weight: 400;\"><a href=\"http:\/\/www.sbbk.ch\/dyn\/11635.php\"><span style=\"font-weight: 400;\">Conf\u00e9rence suisse des offices de la formation professionnelle (CSFP)<\/span><\/a><span style=\"font-weight: 400;\">\u00a0<\/span><\/li>\n<li style=\"font-weight: 400;\"><a href=\"https:\/\/www.insos.ch\/fr\/\"><span style=\"font-weight: 400;\">INSOS, Association de branche nationale des institutions pour personnes avec handicap<\/span><\/a><\/li>\n<li style=\"font-weight: 400;\"><a href=\"https:\/\/www.iffp.swiss\/\"><span style=\"font-weight: 400;\">Institut f\u00e9d\u00e9ral des hautes \u00e9tudes en formation professionnelle IFFP<\/span><\/a><span style=\"font-weight: 400;\">\u00a0<\/span><\/li>\n<\/ul>\n<p><b>Responsabilit\u00e9 relative aux liens<br \/>\n<\/b><span style=\"font-weight: 400;\">Cette page contient des liens vers des sites Web de tiers dont nous ne pouvons pas influencer les contenus. Les fournisseurs ou exploitants des sites r\u00e9f\u00e9renc\u00e9s sont seuls responsables de leurs contenus.\u00a0<\/span><\/p>\n<p><b>R\u00e9daction\u00a0<\/b><\/p>\n<ul>\n<li style=\"font-weight: 400;\"><span style=\"font-weight: 400;\">Peter Dolder, Dolder Beratungen GmbH, H\u00fcnibach. <\/span><a href=\"http:\/\/www.p-dolder.ch\"><span style=\"font-weight: 400;\">www.p-dolder.ch<\/span><\/a><\/li>\n<li style=\"font-weight: 400;\"><span style=\"font-weight: 400;\">Rolf Marti, komma pr. <\/span><a href=\"http:\/\/www.kommapr.ch\"><span style=\"font-weight: 400;\">www.kommapr.ch<\/span><\/a><\/li>\n<\/ul>\n<p><b>Conception, vid\u00e9os, webpublishing<br \/>\n<\/b><span style=\"font-weight: 400;\">komma pr, Berne<br \/>\n<\/span><span style=\"font-weight: 400;\">Rolf Marti, Maurice Marti<br \/>\n<\/span><a href=\"http:\/\/www.kommapr.ch\"><span style=\"font-weight: 400;\">www.kommapr.ch<\/span><\/a><\/p>\n<p><b>Copyright<br \/>\n<\/b><span style=\"font-weight: 400;\">Les droits d\u2019auteur sur l\u2019ensemble des contenus de ce site Web appartiennent \u00e0 l\u2019Union suisse des arts et m\u00e9tiers usam. \u00a92019<\/span><\/p>\n<\/div>\n<\/div><\/div><\/div><\/div><\/div><\/div>","protected":false},"excerpt":{"rendered":"<p>Union suisse des arts et m\u00e9tiers usam, Schwarztorstrasse 26, case postale, 3001 Berne www.sgv-usam.ch Personne de contact Dieter Kl\u00e4y +41 31 380 14 45 d.klaey@sgv-usam.ch Partenaires de coop\u00e9ration\u00a0 Conf\u00e9rence suisse des offices de la formation professionnelle (CSFP)\u00a0 INSOS, Association de branche nationale des institutions pour personnes avec handicap Institut f\u00e9d\u00e9ral des hautes \u00e9tudes en formation professionnelle IFFP\u00a0 Responsabilit\u00e9 relative aux<\/p>\n<p><a class=\"more-link\" href=\"https:\/\/attestation-individuelle.ch\/index.php\/824-2\/\">Weiterlesen<\/a><\/p>\n","protected":false},"author":1,"featured_media":0,"parent":0,"menu_order":0,"comment_status":"closed","ping_status":"closed","template":"","meta":{"footnotes":""},"class_list":["post-824","page","type-page","status-publish","hentry"],"yoast_head":"<!-- This site is optimized with the Yoast SEO plugin v25.9 - https:\/\/yoast.com\/wordpress\/plugins\/seo\/ -->\n<title>Mentions L\u00e9gales - Attestation individuelle des comp\u00e9tences<\/title>\n<meta name=\"robots\" content=\"index, follow, max-snippet:-1, max-image-preview:large, max-video-preview:-1\" \/>\n<link rel=\"canonical\" href=\"https:\/\/attestation-individuelle.ch\/index.php\/824-2\/\" \/>\n<meta property=\"og:locale\" content=\"de_DE\" \/>\n<meta property=\"og:type\" content=\"article\" \/>\n<meta property=\"og:title\" content=\"Mentions L\u00e9gales - Attestation individuelle des comp\u00e9tences\" \/>\n<meta property=\"og:description\" content=\"Union suisse des arts et m\u00e9tiers usam, Schwarztorstrasse 26, case postale, 3001 Berne www.sgv-usam.ch Personne de contact Dieter Kl\u00e4y +41 31 380 14 45 d.klaey@sgv-usam.ch Partenaires de coop\u00e9ration\u00a0 Conf\u00e9rence suisse des offices de la formation professionnelle (CSFP)\u00a0 INSOS, Association de branche nationale des institutions pour personnes avec handicap Institut f\u00e9d\u00e9ral des hautes \u00e9tudes en formation professionnelle IFFP\u00a0 Responsabilit\u00e9 relative auxWeiterlesen\" \/>\n<meta property=\"og:url\" content=\"https:\/\/attestation-individuelle.ch\/index.php\/824-2\/\" \/>\n<meta property=\"og:site_name\" content=\"Kompetenznachweis\" \/>\n<meta property=\"article:modified_time\" content=\"2025-09-22T09:13:07+00:00\" \/>\n<meta name=\"twitter:card\" content=\"summary_large_image\" \/>\n<meta name=\"twitter:label1\" content=\"Gesch\u00e4tzte Lesezeit\" \/>\n\t<meta name=\"twitter:data1\" content=\"1\u00a0Minute\" \/>\n<script type=\"application\/ld+json\" class=\"yoast-schema-graph\">{\"@context\":\"https:\/\/schema.org\",\"@graph\":[{\"@type\":\"WebPage\",\"@id\":\"https:\/\/attestation-individuelle.ch\/index.php\/824-2\/\",\"url\":\"https:\/\/attestation-individuelle.ch\/index.php\/824-2\/\",\"name\":\"Mentions L\u00e9gales - Attestation individuelle des comp\u00e9tences\",\"isPartOf\":{\"@id\":\"https:\/\/kompetenznachweis.ch\/#website\"},\"datePublished\":\"2019-11-11T20:54:23+00:00\",\"dateModified\":\"2025-09-22T09:13:07+00:00\",\"breadcrumb\":{\"@id\":\"https:\/\/attestation-individuelle.ch\/index.php\/824-2\/#breadcrumb\"},\"inLanguage\":\"de\",\"potentialAction\":[{\"@type\":\"ReadAction\",\"target\":[\"https:\/\/attestation-individuelle.ch\/index.php\/824-2\/\"]}]},{\"@type\":\"BreadcrumbList\",\"@id\":\"https:\/\/attestation-individuelle.ch\/index.php\/824-2\/#breadcrumb\",\"itemListElement\":[{\"@type\":\"ListItem\",\"position\":1,\"name\":\"Startseite\",\"item\":\"https:\/\/kompetenznachweis.ch\/\"},{\"@type\":\"ListItem\",\"position\":2,\"name\":\"Mentions L\u00e9gales\"}]},{\"@type\":\"WebSite\",\"@id\":\"https:\/\/kompetenznachweis.ch\/#website\",\"url\":\"https:\/\/kompetenznachweis.ch\/\",\"name\":\"Kompetenznachweis\",\"description\":\"\",\"potentialAction\":[{\"@type\":\"SearchAction\",\"target\":{\"@type\":\"EntryPoint\",\"urlTemplate\":\"https:\/\/kompetenznachweis.ch\/?s={search_term_string}\"},\"query-input\":{\"@type\":\"PropertyValueSpecification\",\"valueRequired\":true,\"valueName\":\"search_term_string\"}}],\"inLanguage\":\"de\"}]}<\/script>\n<!-- \/ Yoast SEO plugin. -->","yoast_head_json":{"title":"Mentions L\u00e9gales - Attestation individuelle des comp\u00e9tences","robots":{"index":"index","follow":"follow","max-snippet":"max-snippet:-1","max-image-preview":"max-image-preview:large","max-video-preview":"max-video-preview:-1"},"canonical":"https:\/\/attestation-individuelle.ch\/index.php\/824-2\/","og_locale":"de_DE","og_type":"article","og_title":"Mentions L\u00e9gales - Attestation individuelle des comp\u00e9tences","og_description":"Union suisse des arts et m\u00e9tiers usam, Schwarztorstrasse 26, case postale, 3001 Berne www.sgv-usam.ch Personne de contact Dieter Kl\u00e4y +41 31 380 14 45 d.klaey@sgv-usam.ch Partenaires de coop\u00e9ration\u00a0 Conf\u00e9rence suisse des offices de la formation professionnelle (CSFP)\u00a0 INSOS, Association de branche nationale des institutions pour personnes avec handicap Institut f\u00e9d\u00e9ral des hautes \u00e9tudes en formation professionnelle IFFP\u00a0 Responsabilit\u00e9 relative auxWeiterlesen","og_url":"https:\/\/attestation-individuelle.ch\/index.php\/824-2\/","og_site_name":"Kompetenznachweis","article_modified_time":"2025-09-22T09:13:07+00:00","twitter_card":"summary_large_image","twitter_misc":{"Gesch\u00e4tzte Lesezeit":"1\u00a0Minute"},"schema":{"@context":"https:\/\/schema.org","@graph":[{"@type":"WebPage","@id":"https:\/\/attestation-individuelle.ch\/index.php\/824-2\/","url":"https:\/\/attestation-individuelle.ch\/index.php\/824-2\/","name":"Mentions L\u00e9gales - Attestation individuelle des comp\u00e9tences","isPartOf":{"@id":"https:\/\/kompetenznachweis.ch\/#website"},"datePublished":"2019-11-11T20:54:23+00:00","dateModified":"2025-09-22T09:13:07+00:00","breadcrumb":{"@id":"https:\/\/attestation-individuelle.ch\/index.php\/824-2\/#breadcrumb"},"inLanguage":"de","potentialAction":[{"@type":"ReadAction","target":["https:\/\/attestation-individuelle.ch\/index.php\/824-2\/"]}]},{"@type":"BreadcrumbList","@id":"https:\/\/attestation-individuelle.ch\/index.php\/824-2\/#breadcrumb","itemListElement":[{"@type":"ListItem","position":1,"name":"Startseite","item":"https:\/\/kompetenznachweis.ch\/"},{"@type":"ListItem","position":2,"name":"Mentions L\u00e9gales"}]},{"@type":"WebSite","@id":"https:\/\/kompetenznachweis.ch\/#website","url":"https:\/\/kompetenznachweis.ch\/","name":"Kompetenznachweis","description":"","potentialAction":[{"@type":"SearchAction","target":{"@type":"EntryPoint","urlTemplate":"https:\/\/kompetenznachweis.ch\/?s={search_term_string}"},"query-input":{"@type":"PropertyValueSpecification","valueRequired":true,"valueName":"search_term_string"}}],"inLanguage":"de"}]}},"_links":{"self":[{"href":"https:\/\/kompetenznachweis.ch\/index.php\/wp-json\/wp\/v2\/pages\/824","targetHints":{"allow":["GET"]}}],"collection":[{"href":"https:\/\/kompetenznachweis.ch\/index.php\/wp-json\/wp\/v2\/pages"}],"about":[{"href":"https:\/\/kompetenznachweis.ch\/index.php\/wp-json\/wp\/v2\/types\/page"}],"author":[{"embeddable":true,"href":"https:\/\/kompetenznachweis.ch\/index.php\/wp-json\/wp\/v2\/users\/1"}],"replies":[{"embeddable":true,"href":"https:\/\/kompetenznachweis.ch\/index.php\/wp-json\/wp\/v2\/comments?post=824"}],"version-history":[{"count":7,"href":"https:\/\/kompetenznachweis.ch\/index.php\/wp-json\/wp\/v2\/pages\/824\/revisions"}],"predecessor-version":[{"id":974,"href":"https:\/\/kompetenznachweis.ch\/index.php\/wp-json\/wp\/v2\/pages\/824\/revisions\/974"}],"wp:attachment":[{"href":"https:\/\/kompetenznachweis.ch\/index.php\/wp-json\/wp\/v2\/media?parent=824"}],"curies":[{"name":"wp","href":"https:\/\/api.w.org\/{rel}","templated":true}]}}